{"id":114,"date":"2019-02-18T15:25:39","date_gmt":"2019-02-18T14:25:39","guid":{"rendered":"http:\/\/www.schmico.de\/?page_id=114"},"modified":"2023-09-15T11:17:25","modified_gmt":"2023-09-15T09:17:25","slug":"home","status":"publish","type":"page","link":"https:\/\/www.schmico.de\/","title":{"rendered":"Home"},"content":{"rendered":"\n<h2 class=\"wp-block-heading has-text-align-left\">Willkommen bei der Schmico Schwei\u00dftechnik GmbH &amp; Co.KG<\/h2>\n\n\n\n<p class=\"has-text-align-left\">Wir sind Hersteller und Lieferant f\u00fcr Schwei\u00dfzubeh\u00f6r und Arbeitsschutz.<\/p>\n\n\n\n<div class=\"wp-block-columns has-4-columns is-layout-flex wp-container-5 wp-block-columns-is-layout-flex\">\n<div class=\"wp-block-column is-layout-flow wp-block-column-is-layout-flow\"><div class=\"wp-block-image\">\n<figure class=\"aligncenter size-large is-resized\"><a class=\"https:\/\/www.schmico.de\/index.php\/katalog-2018\/#page\/8\" href=\"https:\/\/www.schmico.de\/index.php\/katalog-2018\/#page\/8\" target=\"_blank\" rel=\"https:\/\/www.schmico.de\/index.php\/katalog-2018\/#page\/8 noreferrer noopener\"><img decoding=\"async\" loading=\"lazy\" src=\"https:\/\/www.schmico.de\/wp-content\/uploads\/2023\/09\/CRG1600-1024x898.jpg\" alt=\"\" class=\"wp-image-386\" style=\"object-fit:cover;width:196px;height:196px\" width=\"196\" height=\"196\"\/><\/a><figcaption class=\"wp-element-caption\"><a href=\"https:\/\/www.schmico.de\/index.php\/katalog-2018\/#page\/60\" data-type=\"link\" data-id=\"https:\/\/www.schmico.de\/index.php\/katalog-2018\/#page\/8\">Reinigungsger\u00e4te<\/a><\/figcaption><\/figure><\/div>\n\n\n<p><\/p>\n<\/div>\n\n\n\n<div class=\"wp-block-column is-layout-flow wp-block-column-is-layout-flow\"><div class=\"wp-block-image\">\n<figure class=\"aligncenter size-full is-resized\"><img decoding=\"async\" loading=\"lazy\" src=\"https:\/\/www.schmico.de\/wp-content\/uploads\/2023\/09\/speed_1000ml.jpg\" alt=\"\" class=\"wp-image-388\" style=\"object-fit:contain;width:126px;height:196px\" width=\"126\" height=\"196\"\/><figcaption class=\"wp-element-caption\"><a href=\"https:\/\/www.schmico.de\/index.php\/katalog-2018\/#page\/73\" data-type=\"link\" data-id=\"https:\/\/www.schmico.de\/index.php\/katalog-2018\/#page\/8\">Elektrolyte<\/a><\/figcaption><\/figure><\/div><\/div>\n\n\n\n<div class=\"wp-block-column is-layout-flow wp-block-column-is-layout-flow\" style=\"font-size:14px\"><div class=\"wp-block-image\">\n<figure class=\"aligncenter size-large is-resized\"><img decoding=\"async\" loading=\"lazy\" src=\"https:\/\/www.schmico.de\/wp-content\/uploads\/2023\/09\/C102002-1024x807.jpg\" alt=\"\" class=\"wp-image-389\" style=\"object-fit:cover;width:239px;height:196px\" width=\"239\" height=\"196\"\/><figcaption class=\"wp-element-caption\"><a href=\"https:\/\/www.schmico.de\/index.php\/katalog-2018\/#page\/67\">Massekabel und Handgriffleitungen f\u00fcr Reinigungsger\u00e4te<\/a><\/figcaption><\/figure><\/div><\/div>\n\n\n\n<div class=\"wp-block-column is-layout-flow wp-block-column-is-layout-flow\"><div class=\"wp-block-image is-style-default\">\n<figure class=\"aligncenter size-large is-resized\"><img decoding=\"async\" loading=\"lazy\" src=\"https:\/\/www.schmico.de\/wp-content\/uploads\/2023\/09\/C203002-ME-1024x723.jpg\" alt=\"\" class=\"wp-image-392\" style=\"object-fit:contain;width:196px;height:196px\" width=\"196\" height=\"196\"\/><figcaption class=\"wp-element-caption\"><a href=\"https:\/\/www.schmico.de\/index.php\/katalog-2018\/#page\/68\">Zubeh\u00f6r f\u00fcr Reinigungsger\u00e4te<\/a><\/figcaption><\/figure><\/div>\n\n\n<p><\/p>\n<\/div>\n<\/div>\n\n\n\n<div class=\"wp-block-columns has-4-columns is-layout-flex wp-container-10 wp-block-columns-is-layout-flex\">\n<div class=\"wp-block-column is-layout-flow wp-block-column-is-layout-flow\"><div class=\"wp-block-image\">\n<figure class=\"aligncenter size-full is-resized\"><img decoding=\"async\" src=\"https:\/\/www.schmico.de\/wp-content\/uploads\/2023\/09\/HKF.jpg\" alt=\"\" class=\"wp-image-394\" style=\"height:196px\" height=\"196\" srcset=\"https:\/\/www.schmico.de\/wp-content\/uploads\/2023\/09\/HKF.jpg 233w, https:\/\/www.schmico.de\/wp-content\/uploads\/2023\/09\/HKF-150x150.jpg 150w\" sizes=\"(max-width: 233px) 100vw, 233px\" \/><figcaption class=\"wp-element-caption\"><a href=\"https:\/\/www.schmico.de\/index.php\/katalog-2018\/#page\/59\">K\u00fchlmittel SCO<\/a><\/figcaption><\/figure><\/div><\/div>\n\n\n\n<div class=\"wp-block-column is-layout-flow wp-block-column-is-layout-flow\"><div class=\"wp-block-image\">\n<figure class=\"aligncenter size-full is-resized\"><img decoding=\"async\" src=\"https:\/\/www.schmico.de\/wp-content\/uploads\/2023\/09\/speck.jpg\" alt=\"\" class=\"wp-image-395\" style=\"height:196px\" height=\"196\"\/><figcaption class=\"wp-element-caption\"><a href=\"https:\/\/www.schmico.de\/index.php\/katalog-2018\/#page\/56\">Pumpen SPECK<\/a><\/figcaption><\/figure><\/div><\/div>\n\n\n\n<div class=\"wp-block-column is-layout-flow wp-block-column-is-layout-flow\"><div class=\"wp-block-image\">\n<figure class=\"aligncenter size-full is-resized\"><img decoding=\"async\" src=\"https:\/\/www.schmico.de\/wp-content\/uploads\/2023\/09\/ceme.jpg\" alt=\"\" class=\"wp-image-396\" style=\"height:196px\" height=\"196\"\/><figcaption class=\"wp-element-caption\"><a href=\"https:\/\/www.schmico.de\/index.php\/katalog-2018\/#page\/57\">Pumpen CEME<\/a><\/figcaption><\/figure><\/div><\/div>\n\n\n\n<div class=\"wp-block-column is-layout-flow wp-block-column-is-layout-flow\"><div class=\"wp-block-image\">\n<figure class=\"aligncenter size-full is-resized\"><img decoding=\"async\" loading=\"lazy\" src=\"https:\/\/www.schmico.de\/wp-content\/uploads\/2023\/09\/neutrix.jpg\" alt=\"\" class=\"wp-image-397\" style=\"object-fit:contain;width:250px;height:196px\" width=\"250\" height=\"196\"\/><figcaption class=\"wp-element-caption\"><a href=\"https:\/\/www.schmico.de\/index.php\/katalog-2018\/#page\/55\">Elektrodenanschleifger\u00e4t<\/a><\/figcaption><\/figure><\/div><\/div>\n<\/div>\n\n\n\n<div class=\"wp-block-columns has-4-columns is-layout-flex wp-container-15 wp-block-columns-is-layout-flex\">\n<div class=\"wp-block-column is-layout-flow wp-block-column-is-layout-flow\"><div class=\"wp-block-image\">\n<figure class=\"aligncenter size-full is-resized\"><img decoding=\"async\" loading=\"lazy\" src=\"https:\/\/www.schmico.de\/wp-content\/uploads\/2023\/09\/wolfram.jpg\" alt=\"\" class=\"wp-image-398\" style=\"object-fit:contain;width:249px;height:196px\" width=\"249\" height=\"196\"\/><figcaption class=\"wp-element-caption\"><a href=\"https:\/\/www.schmico.de\/index.php\/katalog-2018\/#page\/53\">Wolframelektroden<\/a><\/figcaption><\/figure><\/div><\/div>\n\n\n\n<div class=\"wp-block-column is-layout-flow wp-block-column-is-layout-flow\"><div class=\"wp-block-image\">\n<figure class=\"aligncenter size-full is-resized\"><img decoding=\"async\" src=\"https:\/\/www.schmico.de\/wp-content\/uploads\/2023\/09\/Drumi.jpg\" alt=\"\" class=\"wp-image-399\" style=\"height:196px\" height=\"196\"\/><figcaption class=\"wp-element-caption\"><a href=\"https:\/\/www.schmico.de\/index.php\/katalog-2018\/#page\/41\">Druckminderer<\/a><\/figcaption><\/figure><\/div><\/div>\n\n\n\n<div class=\"wp-block-column is-layout-flow wp-block-column-is-layout-flow\"><div class=\"wp-block-image\">\n<figure class=\"aligncenter size-full is-resized\"><img decoding=\"async\" src=\"https:\/\/www.schmico.de\/wp-content\/uploads\/2023\/09\/flaschenwagen.jpg\" alt=\"\" class=\"wp-image-400\" style=\"height:196px\" height=\"196\" srcset=\"https:\/\/www.schmico.de\/wp-content\/uploads\/2023\/09\/flaschenwagen.jpg 232w, https:\/\/www.schmico.de\/wp-content\/uploads\/2023\/09\/flaschenwagen-150x150.jpg 150w\" sizes=\"(max-width: 232px) 100vw, 232px\" \/><figcaption class=\"wp-element-caption\"><a href=\"https:\/\/www.schmico.de\/index.php\/katalog-2018\/#page\/44\">Flaschenwagen<\/a><\/figcaption><\/figure><\/div><\/div>\n\n\n\n<div class=\"wp-block-column is-layout-flow wp-block-column-is-layout-flow\"><div class=\"wp-block-image\">\n<figure class=\"aligncenter size-full is-resized\"><img decoding=\"async\" src=\"https:\/\/www.schmico.de\/wp-content\/uploads\/2023\/09\/spiegel.jpg\" alt=\"\" class=\"wp-image-401\" style=\"height:196px\" height=\"196\"\/><figcaption class=\"wp-element-caption\"><a href=\"https:\/\/www.schmico.de\/index.php\/katalog-2018\/#page\/45\">Schwei\u00dfzubeh\u00f6r<\/a><\/figcaption><\/figure><\/div><\/div>\n<\/div>\n\n\n\n<div class=\"wp-block-columns has-4-columns is-layout-flex wp-container-20 wp-block-columns-is-layout-flex\">\n<div class=\"wp-block-column is-layout-flow wp-block-column-is-layout-flow\"><div class=\"wp-block-image\">\n<figure class=\"aligncenter size-full is-resized\"><img decoding=\"async\" src=\"https:\/\/www.schmico.de\/wp-content\/uploads\/2023\/09\/Massekabel.jpg\" alt=\"\" class=\"wp-image-403\" style=\"height:196px\" height=\"196\" srcset=\"https:\/\/www.schmico.de\/wp-content\/uploads\/2023\/09\/Massekabel.jpg 513w, https:\/\/www.schmico.de\/wp-content\/uploads\/2023\/09\/Massekabel-300x285.jpg 300w\" sizes=\"(max-width: 513px) 100vw, 513px\" \/><figcaption class=\"wp-element-caption\"><a href=\"https:\/\/www.schmico.de\/index.php\/katalog-2018\/#page\/24\">Masse- und Elektrodenkabel<\/a><\/figcaption><\/figure><\/div>\n\n\n<p><\/p>\n<\/div>\n\n\n\n<div class=\"wp-block-column is-layout-flow wp-block-column-is-layout-flow\"><div class=\"wp-block-image\">\n<figure class=\"aligncenter size-full is-resized\"><img decoding=\"async\" src=\"https:\/\/www.schmico.de\/wp-content\/uploads\/2023\/09\/Garnitur.jpg\" alt=\"\" class=\"wp-image-402\" style=\"height:196px\" height=\"196\"\/><figcaption class=\"wp-element-caption\"><a href=\"https:\/\/www.schmico.de\/index.php\/katalog-2018\/#page\/38\">Schlauchgarnituren<\/a><\/figcaption><\/figure><\/div>\n\n\n<p><\/p>\n<\/div>\n\n\n\n<div class=\"wp-block-column is-layout-flow wp-block-column-is-layout-flow\"><div class=\"wp-block-image\">\n<figure class=\"aligncenter size-full is-resized\"><img decoding=\"async\" loading=\"lazy\" src=\"https:\/\/www.schmico.de\/wp-content\/uploads\/2023\/09\/Bestviscon-1.jpg\" alt=\"\" class=\"wp-image-385\" style=\"object-fit:contain;width:210px;height:196px\" width=\"210\" height=\"196\"\/><figcaption class=\"wp-element-caption\"><a href=\"https:\/\/www.schmico.de\/index.php\/katalog-2018\/#page\/7\">Solarhelm Best VisCon<\/a><\/figcaption><\/figure><\/div>\n\n\n<p><\/p>\n<\/div>\n\n\n\n<div class=\"wp-block-column is-layout-flow wp-block-column-is-layout-flow\"><div class=\"wp-block-image\">\n<figure class=\"aligncenter size-large is-resized\"><a href=\"https:\/\/www.schmico.de\/wp-content\/uploads\/2023\/09\/Katalog-2023_Seite_01.jpg\"><img decoding=\"async\" src=\"https:\/\/www.schmico.de\/wp-content\/uploads\/2023\/09\/Katalog-2023_Seite_01-720x1024.jpg\" alt=\"\" class=\"wp-image-379\" style=\"height:196px\" height=\"196\" srcset=\"https:\/\/www.schmico.de\/wp-content\/uploads\/2023\/09\/Katalog-2023_Seite_01-720x1024.jpg 720w, https:\/\/www.schmico.de\/wp-content\/uploads\/2023\/09\/Katalog-2023_Seite_01-211x300.jpg 211w, https:\/\/www.schmico.de\/wp-content\/uploads\/2023\/09\/Katalog-2023_Seite_01-768x1093.jpg 768w, https:\/\/www.schmico.de\/wp-content\/uploads\/2023\/09\/Katalog-2023_Seite_01-1079x1536.jpg 1079w, https:\/\/www.schmico.de\/wp-content\/uploads\/2023\/09\/Katalog-2023_Seite_01.jpg 1241w\" sizes=\"(max-width: 720px) 100vw, 720px\" \/><\/a><figcaption class=\"wp-element-caption\"><a href=\"https:\/\/www.schmico.de\/wp-content\/uploads\/2023\/09\/Katalog-2023.pdf\" data-type=\"link\" data-id=\"https:\/\/www.schmico.de\/index.php\/katalog-2018\/#page\/58\">Gesamtkatalog 2023 als PDF<\/a><\/figcaption><\/figure><\/div><\/div>\n<\/div>\n","protected":false},"excerpt":{"rendered":"<p>Willkommen bei der Schmico Schwei\u00dftechnik GmbH &amp; Co.KG Wir sind Hersteller und Lieferant f\u00fcr Schwei\u00dfzubeh\u00f6r und Arbeitsschutz.<\/p>\n","protected":false},"author":1,"featured_media":0,"parent":0,"menu_order":0,"comment_status":"closed","ping_status":"closed","template":"","meta":{"footnotes":""},"_links":{"self":[{"href":"https:\/\/www.schmico.de\/index.php\/wp-json\/wp\/v2\/pages\/114"}],"collection":[{"href":"https:\/\/www.schmico.de\/index.php\/wp-json\/wp\/v2\/pages"}],"about":[{"href":"https:\/\/www.schmico.de\/index.php\/wp-json\/wp\/v2\/types\/page"}],"author":[{"embeddable":true,"href":"https:\/\/www.schmico.de\/index.php\/wp-json\/wp\/v2\/users\/1"}],"replies":[{"embeddable":true,"href":"https:\/\/www.schmico.de\/index.php\/wp-json\/wp\/v2\/comments?post=114"}],"version-history":[{"count":42,"href":"https:\/\/www.schmico.de\/index.php\/wp-json\/wp\/v2\/pages\/114\/revisions"}],"predecessor-version":[{"id":407,"href":"https:\/\/www.schmico.de\/index.php\/wp-json\/wp\/v2\/pages\/114\/revisions\/407"}],"wp:attachment":[{"href":"https:\/\/www.schmico.de\/index.php\/wp-json\/wp\/v2\/media?parent=114"}],"curies":[{"name":"wp","href":"https:\/\/api.w.org\/{rel}","templated":true}]}}